{"id":658,"date":"2023-06-08T08:14:30","date_gmt":"2023-06-08T08:14:30","guid":{"rendered":"https:\/\/iberoamericanaempresarial.org\/?page_id=658"},"modified":"2023-06-08T08:44:10","modified_gmt":"2023-06-08T08:44:10","slug":"aviso-legal","status":"publish","type":"page","link":"https:\/\/iberoamericanaempresarial.org\/?page_id=658","title":{"rendered":"Aviso Legal"},"content":{"rendered":"<style>.elementor-658 .elementor-element.elementor-element-28c5671:not(.elementor-motion-effects-element-type-background), .elementor-658 .elementor-element.elementor-element-28c5671 > .elementor-motion-effects-container > .elementor-motion-effects-layer{background-color:#474747;}.elementor-658 .elementor-element.elementor-element-28c5671{transition:background 0.3s, border 0.3s, border-radius 0.3s, box-shadow 0.3s;margin-top:-8%;margin-bottom:0%;padding:4em 0em 4em 0em;}.elementor-658 .elementor-element.elementor-element-28c5671 > .elementor-background-overlay{transition:background 0.3s, border-radius 0.3s, opacity 0.3s;}.elementor-658 .elementor-element.elementor-element-5949cda5{margin-top:0%;margin-bottom:0%;padding:5em 0em 5em 0em;}:root{--page-title-display:none;}@media(max-width:1024px){.elementor-658 .elementor-element.elementor-element-28c5671{margin-top:-16%;margin-bottom:0%;}}@media(max-width:767px){.elementor-658 .elementor-element.elementor-element-28c5671{margin-top:-39%;margin-bottom:0%;}}<\/style>\t\t<div data-elementor-type=\"wp-page\" data-elementor-id=\"658\" class=\"elementor elementor-658\" data-elementor-post-type=\"page\">\n\t\t\t\t\t\t<section class=\"elementor-section elementor-top-section elementor-element elementor-element-28c5671 elementor-section-boxed elementor-section-height-default elementor-section-height-default\" data-id=\"28c5671\" data-element_type=\"section\" data-e-type=\"section\" data-settings=\"{&quot;background_background&quot;:&quot;classic&quot;}\">\n\t\t\t\t\t\t<div class=\"elementor-container elementor-column-gap-default\">\n\t\t\t\t\t<div class=\"elementor-column elementor-col-100 elementor-top-column elementor-element elementor-element-d1d9247\" data-id=\"d1d9247\" data-element_type=\"column\" data-e-type=\"column\">\n\t\t\t<div class=\"elementor-widget-wrap\">\n\t\t\t\t\t\t\t<\/div>\n\t\t<\/div>\n\t\t\t\t\t<\/div>\n\t\t<\/section>\n\t\t\t\t<section class=\"elementor-section elementor-top-section elementor-element elementor-element-5949cda5 elementor-section-boxed elementor-section-height-default elementor-section-height-default\" data-id=\"5949cda5\" data-element_type=\"section\" data-e-type=\"section\">\n\t\t\t\t\t\t<div class=\"elementor-container elementor-column-gap-default\">\n\t\t\t\t\t<div class=\"elementor-column elementor-col-100 elementor-top-column elementor-element elementor-element-3d272288\" data-id=\"3d272288\" data-element_type=\"column\" data-e-type=\"column\">\n\t\t\t<div class=\"elementor-widget-wrap elementor-element-populated\">\n\t\t\t\t\t\t<div class=\"elementor-element elementor-element-62a0fa5f elementor-widget elementor-widget-text-editor\" data-id=\"62a0fa5f\" data-element_type=\"widget\" data-e-type=\"widget\" data-widget_type=\"text-editor.default\">\n\t\t\t\t<div class=\"elementor-widget-container\">\n\t\t\t\t\t\t\t\t\t<p><\/p>\n<h2 class=\"wp-block-heading\"><strong>AVISO LEGAL <\/strong><\/h2>\n<p>De conformidad con lo establecido en la Ley 34\/2002, de 11 de julio, de servicios de la sociedad de la informaci\u00f3n y de comercio electr\u00f3nico, se facilita la siguiente informaci\u00f3n:<\/p>\n<h3><strong>Datos Identificativos <\/strong><\/h3>\n<p>Usted est\u00e1 visitando la p\u00e1gina web <strong>https:\/\/iberoamericanaempresarial.org<\/strong> titularidad de <strong>FUNDACI\u00d3N IBEROAMERICANA EMPRESARIAL-FUNDACAO IBEROAMERICANA EMPRESARIAL<\/strong>, CIF: 32430525l, direcci\u00f3n postal: <strong>PR\u00cdNCIPE DE VERGARA, N.\u00ba 187, 28002, MADRID, MADRID<\/strong> Puede contactar con el TITULAR por cualquiera de los siguientes medios:<\/p>\n<ul>\n<li><strong>Tel\u00e9fono<\/strong>: (+34) 91 586 00 65<\/li>\n<li><strong>Correo electr\u00f3nico de contacto<\/strong>: direccion@iberoamericanaempresarial.org<\/li>\n<\/ul>\n<h3><strong>Usuarios <\/strong><\/h3>\n<p>Las presentes condiciones (en adelante Aviso Legal) tiene por finalidad regular el uso de la p\u00e1gina web de EL TITULAR que pone a disposici\u00f3n del p\u00fablico.<\/p>\n<p>El acceso y\/o uso de esta p\u00e1gina web atribuye la condici\u00f3n de USUARIO, que acepta, desde dicho acceso y\/o uso, las condiciones generales de uso aqu\u00ed reflejadas. Las citadas condiciones ser\u00e1n de aplicaci\u00f3n independientemente de las condiciones generales de contrataci\u00f3n que en su caso resulten de obligado cumplimiento.<\/p>\n<h3><strong>Uso del portal <\/strong><\/h3>\n<p><strong>direccion@iberoamericanaempresarial.org<\/strong> proporciona el acceso a multitud de informaciones, servicios, programas o datos (en adelante, \u201clos contenidos\u201d) en Internet pertenecientes a EL TITULAR o a sus licenciantes a los que el USUARIO puede tener acceso.<\/p>\n<p>El usuario asume la responsabilidad del uso del portal. Dicha responsabilidad se extiende al registro que fuese necesario para acceder a determinados servicios o contenidos. En dicho registro el USUARIO ser\u00e1 responsable de aportar informaci\u00f3n veraz y l\u00edcita. Como consecuencia de este registro, al USUARIO se le puede proporcionar una contrase\u00f1a de la que ser\u00e1 responsable, comprometi\u00e9ndose a hacer un uso diligente y confidencial de la misma.<\/p>\n<p>El USUARIO se compromete a hacer un uso adecuado de los contenidos y servicios (p.e. servicios de chat, foros de discusi\u00f3n o grupos de noticias) que EL TITULAR ofrece a trav\u00e9s de su portal y con car\u00e1cter enunciativo pero no limitativo, a no emplearlos para:<\/p>\n<ul>\n<li>Incurrir en actividades il\u00edcitas, ilegales o contrarias a la buena fe y al orden p\u00fablico.<\/li>\n<li>Difundir contenidos o propaganda racista, xen\u00f3foba, pornogr\u00e1fico-ilegal, de apolog\u00eda del terrorismo o atentatoria contra los derechos humanos.<\/li>\n<li>Provocar da\u00f1os en los sistemas f\u00edsicos y l\u00f3gicos de <strong>FUNDACI\u00d3N IBEROAMERICANA EMPRESARIAL-FUNDACAO IBEROAMERICANA EMPRESARIAL<\/strong>, de sus proveedores o de terceras personas, introducir o difundir en l red virus inform\u00e1ticos o cualesquiera otros sistemas f\u00edsicos o l\u00f3gicos que sean susceptibles de provocar los da\u00f1os anteriormente mencionados.<\/li>\n<li>Intentar acceder y, en su caso, utilizar las cuentas de correo electr\u00f3nico de otros usuarios y modificar o manipular sus mensajes.<\/li>\n<li>Utilizar el sitio web ni las informaciones que en \u00e9l se contienen con fines comerciales, pol\u00edticos, publicitarios y para cualquier uso comercial, sobre todo en el env\u00edo de correos electr\u00f3nicos no solicitados.<\/li>\n<\/ul>\n<p>EL TITULAR se reserva el derecho a retirar todos aquellos comentarios y aportaciones que vulneren el respeto a la dignidad de la persona, que sean discriminatorios, xen\u00f3fobos, racistas pornogr\u00e1ficos, que atenten contra la juventud o la infancia, el orden o la seguridad p\u00fablica o que, a su juicio, no resultar\u00e1n adecuados para su publicaci\u00f3n. En cualquier caso, EL TITULAR no ser\u00e1 responsable de las opiniones vertidas por los usuarios a trav\u00e9s de los foros, chats, u otras herramientas de participaci\u00f3n.<\/p>\n<h3><strong>Protecci\u00f3n de datos <\/strong><\/h3>\n<p>Todo lo relativo a la pol\u00edtica de protecci\u00f3n de datos se encuentra recogido en el documento de pol\u00edtica de privacidad.<\/p>\n<h3><strong>Contenidos. Propiedad intelectual e industrial <\/strong><\/h3>\n<p>EL TITULAR es propietario de todos los derechos de propiedad intelectual e industrial de su p\u00e1gina web, as\u00ed como de los elementos contenidos en la misma (a t\u00edtulo enunciativo: im\u00e1genes, fotograf\u00edas, sonido, audio, v\u00eddeo, software o textos; marcas o logotipos, combinaciones de colores, estructura y dise\u00f1o, selecci\u00f3n de materiales usados, programas de ordenador necesarios para su funcionamiento, acceso y uso, etc\u2026), titularidad del TITULAR o bien de sus licenciantes.<\/p>\n<p>Todos los derechos reservados. En virtud de lo dispuesto en los art\u00edculos 8 y 32.1, p\u00e1rrafo segundo, de la Ley de Propiedad Intelectual, quedan expresamente prohibidas la reproducci\u00f3n, la distribuci\u00f3n y la comunicaci\u00f3n p\u00fablica, incluida su modalidad de puesta a disposici\u00f3n, de la totalidad o parte de los contenidos de esta p\u00e1gina web, con fines comerciales, en cualquier soporte y por cualquier medio t\u00e9cnico, sin la autorizaci\u00f3n del TITULAR.<\/p>\n<h3><strong>Exclusi\u00f3n de garant\u00edas y responsabilidad <\/strong><\/h3>\n<p>EL USUARIO reconoce que la utilizaci\u00f3n de la p\u00e1gina web y de sus contenidos y servicios se desarrolla bajo su exclusiva responsabilidad. En concreto, a t\u00edtulo meramente enunciativo, EL TITULAR no asume ninguna responsabilidad en los siguientes \u00e1mbitos:<\/p>\n<ul>\n<li>La disponibilidad del funcionamiento de la p\u00e1gina web, sus servicios y contenidos y su calidad o interoperabilidad.<\/li>\n<li>La finalidad para la que la p\u00e1gina web sirva a los objetivos del USUARIO.<\/li>\n<li>La infracci\u00f3n de la legislaci\u00f3n vigente por parte del USUARIO o terceros y, en concreto, de los derechos de propiedad intelectual e industrial que sean titularidad de otras personas o entidades.<\/li>\n<li>La existencia de c\u00f3digos maliciosos o cualquier otro elemento inform\u00e1tico da\u00f1ino que pudiera causar el sistema inform\u00e1tico del USUARIO o de terceros. Corresponde al USUARIO, en todo caso, disponer de herramientas adecuadas para la detecci\u00f3n y desinfecci\u00f3n de estos elementos.<\/li>\n<li>El acceso fraudulento a los contenidos o servicios por terceos no autorizados, o, en su caso, la captura, eliminaci\u00f3n, alteraci\u00f3n, modificaci\u00f3n o manipulaci\u00f3n de los mensajes y comunicaciones de cualquier clase que dichos terceros pudiera realizar.<\/li>\n<li>La exactitud, veracidad, actualidad y utilidad de los contenidos y servicios ofrecidos y la utilizaci\u00f3n posterior que de ellos haga el USUARIO. EL TITULAR emplear\u00e1 todos los esfuerzos y medios razonables para facilitar la informaci\u00f3n actualizada y fehaciente.<\/li>\n<li>Los da\u00f1os producidos a equipos inform\u00e1ticos durante el acceso a la p\u00e1gina web y los da\u00f1os producidos a los USUARIOS cuando tengan su origen en fallos o desconexiones en las redes de telecomunicaciones que interrumpan el servicio.<\/li>\n<li>Los da\u00f1os o perjuicios que se deriven de circunstancias acaecidas por caso fortuito o fuerza mayor.<\/li>\n<\/ul>\n<h3><strong>Modificaci\u00f3n de este aviso legal y duraci\u00f3n <\/strong><\/h3>\n<p>EL TITULAR se reserva el derecho de efectuar sin previo aviso las modificaciones que considere oportunas en su portal, pudiendo cambiar, suprimir o a\u00f1adir tantos contenidos y servicios que se presten a trav\u00e9s de la misma, como la forma en la que \u00e9stos aparezcan representados o localizados en su portal.<\/p>\n<p>La vigencia de las citadas condiciones ir\u00e1 en funci\u00f3n de su exposici\u00f3n y estar\u00e1n vigentes hasta que sean modificadas por otras debidamente publicadas.<\/p>\n<h3><strong>Enlaces <\/strong><\/h3>\n<p>En el caso de que en <strong>direccion@iberoamericanaempresarial.org<\/strong> se incluyesen enlaces o hiperv\u00ednculos hacia otros sitios de Internet, EL TITULAR no ejercer\u00e1 ning\u00fan tipo de control sobre dichos sitios y contenidos.<\/p>\n<p>En ning\u00fan caso EL TITULAR asumir\u00e1 responsabilidad alguna por los contenidos de alg\u00fan enlace perteneciente a un sitio web ajeno, ni garantizar\u00e1 la disponibilidad t\u00e9cnica, calidad, fiabilidad, exactitud, amplitud, veracidad, validez y constitucionalidad de cualquier materia o informaci\u00f3n contenida en ninguno de dichos hiperv\u00ednculos y otros sitios en Internet. Igualmente, la inclusi\u00f3n de estas conexiones externas no implicar\u00e1 ning\u00fan tipo de asociaci\u00f3n, fusi\u00f3n o participaci\u00f3n con las entidades conectadas.<\/p>\n<h3><strong>Derechos de exclusi\u00f3n <\/strong><\/h3>\n<p>EL TITULAR se reserva el derecho a denegar o retirar el acceso a portal y\/o los servicios ofrecidos sin necesidad de advertencia previa, a instancia propia o de un tercero, a aquellos usuarios que incumplan el contenido de este aviso legal.<\/p>\n<h3><strong>Generalidades <\/strong><\/h3>\n<p>El TITULAR perseguir\u00e1 el incumplimiento de las presentes condiciones as\u00ed como cualquier utilizaci\u00f3n indebida de su portal ejerciendo todas las acciones civiles y penales que le puedan corresponder en derecho.<\/p>\n<h3><strong>Legislaci\u00f3n aplicable y jurisdicci\u00f3n <\/strong><\/h3>\n<p>La relaci\u00f3n entre EL TITULAR y EL USUARIO se regir\u00e1 por la normativa espa\u00f1ola vigente. Todas las disputas y reclamaciones derivadas de este aviso legal se resolver\u00e1n por los juzgados y tribunales espa\u00f1oles de Valencia.<\/p>\n<h3><strong>Menores de edad <\/strong><\/h3>\n<p><strong>https:\/\/iberoamericanaempresarial.org<\/strong> dirige sus servicios a usuarios mayores de 18 a\u00f1os. Los menores de esta edad no est\u00e1n autorizados a utilizar nuestros servicios y no deber\u00e1n, por tanto, enviarnos sus datos personales. Informamos de que si se da tal circunstancia, <strong>FUNDACI\u00d3N IBEROAMERICANA EMPRESARIAL-FUNDACAO IBEROAMERICANA EMPRESARIAL<\/strong>\u00a0no se hace responsable de las posibles consecuencias que pudieran derivarse del incumplimiento del aviso que en esta misma cl\u00e1usula se establece.<\/p>\n<h3><strong>Medidas de seguridad &#8211; SSL <\/strong><\/h3>\n<p>El Titular ha contratado para su sitio web un certificado SSL (\u00abSecure Sockets Layer\u00bb). Un certificado SSL permite proteger toda la informaci\u00f3n personal y confidencial que se pueda manejar en un sitio web, independientemente de la informaci\u00f3n que se est\u00e9 transmitiendo, como por ejemplo, desde cualquiera de los formularios de contacto del sitio web hasta el servidor, o los datos introducidos para la suscripci\u00f3n de boletines de noticias o accesos a las \u00e1reas protegidas, etc. La direcci\u00f3n del sitio web aparecer\u00e1 en color verde, activ\u00e1ndose el protocolo \u201chttps\u201d que permite conexiones seguras desde un servidor web al navegador del usuario.<\/p>\n<p><\/p>\t\t\t\t\t\t\t\t<\/div>\n\t\t\t\t<\/div>\n\t\t\t\t\t<\/div>\n\t\t<\/div>\n\t\t\t\t\t<\/div>\n\t\t<\/section>\n\t\t\t\t<\/div>\n\t\t","protected":false},"excerpt":{"rendered":"<p>AVISO LEGAL De conformidad con lo establecido en la Ley 34\/2002, de 11 de julio, de servicios de la sociedad de la informaci\u00f3n y de comercio electr\u00f3nico, se facilita la siguiente informaci\u00f3n: Datos Identificativos Usted est\u00e1 visitando la p\u00e1gina web https:\/\/iberoamericanaempresarial.org titularidad de FUNDACI\u00d3N IBEROAMERICANA EMPRESARIAL-FUNDACAO IBEROAMERICANA EMPRESARIAL, CIF: 32430525l, direcci\u00f3n postal: PR\u00cdNCIPE DE VERGARA, [&hellip;]<\/p>\n","protected":false},"author":3,"featured_media":0,"parent":0,"menu_order":0,"comment_status":"closed","ping_status":"closed","template":"","meta":{"footnotes":""},"class_list":["post-658","page","type-page","status-publish","hentry"],"_links":{"self":[{"href":"https:\/\/iberoamericanaempresarial.org\/index.php?rest_route=\/wp\/v2\/pages\/658","targetHints":{"allow":["GET"]}}],"collection":[{"href":"https:\/\/iberoamericanaempresarial.org\/index.php?rest_route=\/wp\/v2\/pages"}],"about":[{"href":"https:\/\/iberoamericanaempresarial.org\/index.php?rest_route=\/wp\/v2\/types\/page"}],"author":[{"embeddable":true,"href":"https:\/\/iberoamericanaempresarial.org\/index.php?rest_route=\/wp\/v2\/users\/3"}],"replies":[{"embeddable":true,"href":"https:\/\/iberoamericanaempresarial.org\/index.php?rest_route=%2Fwp%2Fv2%2Fcomments&post=658"}],"version-history":[{"count":4,"href":"https:\/\/iberoamericanaempresarial.org\/index.php?rest_route=\/wp\/v2\/pages\/658\/revisions"}],"predecessor-version":[{"id":663,"href":"https:\/\/iberoamericanaempresarial.org\/index.php?rest_route=\/wp\/v2\/pages\/658\/revisions\/663"}],"wp:attachment":[{"href":"https:\/\/iberoamericanaempresarial.org\/index.php?rest_route=%2Fwp%2Fv2%2Fmedia&parent=658"}],"curies":[{"name":"wp","href":"https:\/\/api.w.org\/{rel}","templated":true}]}}